{"id":3,"date":"2024-05-29T04:12:20","date_gmt":"2024-05-29T04:12:20","guid":{"rendered":"https:\/\/newlifebali.com\/?page_id=3"},"modified":"2025-06-13T09:36:24","modified_gmt":"2025-06-13T02:36:24","slug":"polityka-prywatnosci","status":"publish","type":"page","link":"https:\/\/newlifebali.com\/pl\/polityka-prywatnosci\/","title":{"rendered":"Polityka Prywatno\u015bci"},"content":{"rendered":"<div class=\"fusion-fullwidth fullwidth-box fusion-builder-row-1 fusion-flex-container nonhundred-percent-fullwidth non-hundred-percent-height-scrolling\" style=\"--awb-border-radius-top-left:0px;--awb-border-radius-top-right:0px;--awb-border-radius-bottom-right:0px;--awb-border-radius-bottom-left:0px;--awb-padding-top:50px;--awb-padding-bottom:50px;--awb-padding-top-medium:180px;--awb-flex-wrap:wrap;\" ><div class=\"fusion-builder-row fusion-row fusion-flex-align-items-flex-start fusion-flex-content-wrap\" style=\"max-width:1248px;margin-left: calc(-4% \/ 2 );margin-right: calc(-4% \/ 2 );\"><div class=\"fusion-layout-column fusion_builder_column fusion-builder-column-0 fusion_builder_column_1_1 1_1 fusion-flex-column\" style=\"--awb-bg-blend:overlay;--awb-bg-size:cover;--awb-width-large:100%;--awb-margin-top-large:0px;--awb-spacing-right-large:9.6%;--awb-margin-bottom-large:0px;--awb-spacing-left-large:9.6%;--awb-width-medium:100%;--awb-spacing-right-medium:9.6%;--awb-spacing-left-medium:9.6%;--awb-width-small:100%;--awb-spacing-right-small:1.92%;--awb-spacing-left-small:1.92%;\"><div class=\"fusion-column-wrapper fusion-flex-justify-content-flex-start fusion-content-layout-column\"><div class=\"fusion-title title fusion-title-1 fusion-sep-none fusion-title-text fusion-title-size-one\" style=\"--awb-margin-top-small:0px;--awb-margin-right-small:0px;--awb-margin-bottom-small:8px;--awb-margin-left-small:0px;\"><h1 class=\"fusion-title-heading title-heading-left fusion-responsive-typography-calculated\" style=\"margin:0;--fontSize:49;line-height:var(--awb-typography1-line-height);\">Polityka Prywatno\u015bci i Plik\u00f3w Cookies<\/h1><\/div><div class=\"fusion-text fusion-text-1\"><p><strong>Data wej\u015bcia w \u017cycie:<\/strong> 1 pa\u017adziernika 2024*<\/p>\n<p>Niniejsza Polityka Prywatno\u015bci i Plik\u00f3w Cookies ma zastosowanie do strony internetowej www.newlifebali.com (&#8220;<strong>strona internetowa<\/strong>&#8220;) i jest obs\u0142ugiwana przez PT. Tirta Buana Bali, dzia\u0142aj\u0105c\u0105 pod mark\u0105 &#8220;New Life Bali&#8221; (&#8220;<strong>my<\/strong>,&#8221;<strong>nas<\/strong>&#8220;, &#8220;<strong>nasze<\/strong>&#8220;). Zobowi\u0105zujemy si\u0119 do ochrony Twoich danych osobowych i poszanowania Twojej prywatno\u015bci. Polityka ta wyja\u015bnia, w jaki spos\u00f3b gromadzimy, wykorzystujemy i udost\u0119pniamy Twoje dane osobowe oraz jak wykorzystujemy pliki cookies na naszej stronie internetowej.<\/p>\n<\/div><div class=\"fusion-title title fusion-title-2 fusion-sep-none fusion-title-text fusion-title-size-three\" style=\"--awb-margin-top-small:0px;--awb-margin-right-small:0px;--awb-margin-bottom-small:8px;--awb-margin-left-small:0px;\"><h3 class=\"fusion-title-heading title-heading-left fusion-responsive-typography-calculated\" style=\"margin:0;--fontSize:31;line-height:var(--awb-typography1-line-height);\">1. Administrator Danych<\/h3><\/div><div class=\"fusion-text fusion-text-2\"><p>Administratorem danych odpowiedzialnym za Twoje dane osobowe jest:<\/p>\n<\/div><div class=\"fusion-title title fusion-title-3 fusion-sep-none fusion-title-text fusion-title-size-four\" style=\"--awb-margin-top-small:0px;--awb-margin-right-small:0px;--awb-margin-bottom-small:8px;--awb-margin-left-small:0px;\"><h4 class=\"fusion-title-heading title-heading-left fusion-responsive-typography-calculated\" style=\"margin:0;--fontSize:25;line-height:var(--awb-typography1-line-height);\">PT. Tirta Buana Bali<\/h4><\/div><div class=\"fusion-text fusion-text-3\"><p><b><\/b>Komplek Pertokoan Segi Tiga Mas. Kav 24,<br \/>Jalan By Pass Ngurah Rai No.5,<br \/>Kuta, Kec. Kuta, Kabupaten Badung,<br \/>Bali 80361, Indonezja.<\/p>\n<p>Zarejestrowana w Ministerstwie Prawa i Praw Cz\u0142owieka Republiki Indonezji, Dyrekcja Generalna Administracji Prawnej (KEMENTERIAN HUKUM DAN HAK ASASI MANUSIA REPUBLIK INDONESIA DIREKTORAT JENDERAL ADMINISTRASI HUKUM UMUM).<\/p>\n<p>W przypadku pyta\u0144 dotycz\u0105cych tej polityki prosimy o kontakt pod adresem <a href=\"mailto:contact@newlifebali.com\">contact@newlifebali.com<\/a>.<\/p>\n<\/div><div class=\"fusion-title title fusion-title-4 fusion-sep-none fusion-title-text fusion-title-size-three\" style=\"--awb-margin-top-small:0px;--awb-margin-right-small:0px;--awb-margin-bottom-small:8px;--awb-margin-left-small:0px;\"><h3 class=\"fusion-title-heading title-heading-left fusion-responsive-typography-calculated\" style=\"margin:0;--fontSize:31;line-height:var(--awb-typography1-line-height);\">2. Informacje, kt\u00f3re zbieramy<\/h3><\/div><div class=\"fusion-text fusion-text-4\"><p>Mo\u017cemy gromadzi\u0107 i przetwarza\u0107 nast\u0119puj\u0105ce dane:<\/p>\n<ul>\n<li>Informacje kontaktowe: Imi\u0119, adres e-mail, numer telefonu lub inne informacje, kt\u00f3re podajesz, subskrybuj\u0105c nasz newsletter lub kontaktuj\u0105c si\u0119 z nami za po\u015brednictwem formularzy na stronie internetowej lub e-maila.<\/li>\n<li>Informacje dotycz\u0105ce u\u017cytkowania: Informacje dotycz\u0105ce Twojej interakcji z nasz\u0105 stron\u0105 internetow\u0105, w tym adres IP, typ przegl\u0105darki, odwiedzane strony i wzorce u\u017cytkowania.<\/li>\n<\/ul>\n<\/div><div class=\"fusion-title title fusion-title-5 fusion-sep-none fusion-title-text fusion-title-size-three\" style=\"--awb-margin-top-small:0px;--awb-margin-right-small:0px;--awb-margin-bottom-small:8px;--awb-margin-left-small:0px;\"><h3 class=\"fusion-title-heading title-heading-left fusion-responsive-typography-calculated\" style=\"margin:0;--fontSize:31;line-height:var(--awb-typography1-line-height);\">3. Jak wykorzystujemy Twoje dane<\/h3><\/div><div class=\"fusion-text fusion-text-5\"><p>Wykorzystujemy Twoje dane w nast\u0119puj\u0105cych celach:<\/p>\n<ul>\n<li>Komunikacja: W celu wysy\u0142ania newsletter\u00f3w, odpowiadania na Twoje zapytania i dostarczania informacji, kt\u00f3rych \u017c\u0105dasz.<\/li>\n<li>Poprawa strony internetowej: W celu analizowania korzystania ze strony internetowej oraz poprawy funkcjonalno\u015bci i do\u015bwiadczenia u\u017cytkownik\u00f3w.<\/li>\n<\/ul>\n<\/div><div class=\"fusion-title title fusion-title-6 fusion-sep-none fusion-title-text fusion-title-size-three\" style=\"--awb-margin-top-small:0px;--awb-margin-right-small:0px;--awb-margin-bottom-small:8px;--awb-margin-left-small:0px;\"><h3 class=\"fusion-title-heading title-heading-left fusion-responsive-typography-calculated\" style=\"margin:0;--fontSize:31;line-height:var(--awb-typography1-line-height);\">4. Podstawy prawne przetwarzania<\/h3><\/div><div class=\"fusion-text fusion-text-6\"><p>Przetwarzamy Twoje dane osobowe na podstawie nast\u0119puj\u0105cych podstaw prawnych zgodnie z Prawem Ochrony Danych Osobowych (PDP) Indonezji:<\/p>\n<ul>\n<li>Zgoda: Przetwarzamy Twoje dane na podstawie Twojej wyra\u017anej zgody (np. podczas subskrypcji naszego newslettera).<\/li>\n<li>Wykonanie umowy: Przetwarzanie jest konieczne do wype\u0142nienia naszych zobowi\u0105za\u0144 umownych.<\/li>\n<li>Obowi\u0105zki prawne: Przetwarzanie jest wymagane w celu spe\u0142nienia wymog\u00f3w prawnych zgodnie z prawem Indonezji.<\/li>\n<\/ul>\n<\/div><div class=\"fusion-title title fusion-title-7 fusion-sep-none fusion-title-text fusion-title-size-three\" style=\"--awb-margin-top-small:0px;--awb-margin-right-small:0px;--awb-margin-bottom-small:8px;--awb-margin-left-small:0px;\"><h3 class=\"fusion-title-heading title-heading-left fusion-responsive-typography-calculated\" style=\"margin:0;--fontSize:31;line-height:var(--awb-typography1-line-height);\">5. Twoje prawa<\/h3><\/div><div class=\"fusion-text fusion-text-7\"><p>Jako podmiot danych zgodnie z indonezyjskim Prawem Ochrony Danych Osobowych masz nast\u0119puj\u0105ce prawa:<\/p>\n<ul>\n<li>Prawo dost\u0119pu: Masz prawo \u017c\u0105da\u0107 dost\u0119pu do swoich danych osobowych, kt\u00f3re przechowujemy.<\/li>\n<li>Prawo do korekty: Masz prawo \u017c\u0105da\u0107 korekty niedok\u0142adnych danych.<\/li>\n<li>Prawo do wycofania zgody:Mo\u017cesz wycofa\u0107 swoj\u0105 zgod\u0119 na przetwarzanie danych w dowolnym momencie, rezygnuj\u0105c z subskrypcji lub kontaktuj\u0105c si\u0119 z nami.<\/li>\n<li>Prawo do usuni\u0119cia: Mo\u017cesz \u017c\u0105da\u0107 usuni\u0119cia swoich danych, je\u015bli nie s\u0105 ju\u017c potrzebne do cel\u00f3w, dla kt\u00f3rych zosta\u0142y zebrane.<\/li>\n<li>Prawo do przenoszenia danych: Masz prawo \u017c\u0105da\u0107 swoich danych osobowych w formacie umo\u017cliwiaj\u0105cym ich odczyt przez maszyny.<\/li>\n<\/ul>\n<\/div><div class=\"fusion-title title fusion-title-8 fusion-sep-none fusion-title-text fusion-title-size-three\" style=\"--awb-margin-top-small:0px;--awb-margin-right-small:0px;--awb-margin-bottom-small:8px;--awb-margin-left-small:0px;\"><h3 class=\"fusion-title-heading title-heading-left fusion-responsive-typography-calculated\" style=\"margin:0;--fontSize:31;line-height:var(--awb-typography1-line-height);\">6. Udost\u0119pnianie danych<\/h3><\/div><div class=\"fusion-text fusion-text-8\"><p>Nie sprzedajemy, nie wynajmujemy ani nie handlujemy Twoimi danymi osobowymi. Mo\u017cemy udost\u0119pnia\u0107 Twoje dane:<\/p>\n<ul>\n<li>Dostawcom us\u0142ug: Zewn\u0119trznym dostawcom, kt\u00f3rzy pomagaj\u0105 nam w obs\u0142udze strony internetowej i \u015bwiadczeniu us\u0142ug. Dostawcy ci s\u0105 zobowi\u0105zani do ochrony Twoich danych i przetwarzania ich wy\u0142\u0105cznie zgodnie z naszymi instrukcjami.<\/li>\n<li>Wymagania prawne: Mo\u017cemy ujawni\u0107 Twoje dane osobowe, je\u015bli jest to wymagane przez prawo lub w odpowiedzi na wa\u017cne procesy prawne.<\/li>\n<\/ul>\n<\/div><div class=\"fusion-title title fusion-title-9 fusion-sep-none fusion-title-text fusion-title-size-three\" style=\"--awb-margin-top-small:0px;--awb-margin-right-small:0px;--awb-margin-bottom-small:8px;--awb-margin-left-small:0px;\"><h3 class=\"fusion-title-heading title-heading-left fusion-responsive-typography-calculated\" style=\"margin:0;--fontSize:31;line-height:var(--awb-typography1-line-height);\">7. Transfery danych transgranicznych<\/h3><\/div><div class=\"fusion-text fusion-text-9\"><p>Je\u015bli Twoje dane osobowe s\u0105 przekazywane poza Indonezj\u0119, zapewniamy odpowiednie zabezpieczenia w celu ochrony Twoich danych, zgodnie z Prawem Ochrony Danych Osobowych Indonezji.<\/p>\n<\/div><div class=\"fusion-title title fusion-title-10 fusion-sep-none fusion-title-text fusion-title-size-three\" style=\"--awb-margin-top-small:0px;--awb-margin-right-small:0px;--awb-margin-bottom-small:8px;--awb-margin-left-small:0px;\"><h3 class=\"fusion-title-heading title-heading-left fusion-responsive-typography-calculated\" style=\"margin:0;--fontSize:31;line-height:var(--awb-typography1-line-height);\">8. Bezpiecze\u0144stwo danych<\/h3><\/div><div class=\"fusion-text fusion-text-10\"><p>Wdra\u017camy odpowiednie \u015brodki bezpiecze\u0144stwa w celu ochrony Twoich danych osobowych przed nieautoryzowanym dost\u0119pem, ujawnieniem lub zniszczeniem. Jednak\u017ce \u017cadna metoda przesy\u0142u danych ani przechowywania nie jest ca\u0142kowicie bezpieczna, dlatego nie mo\u017cemy zagwarantowa\u0107 absolutnego bezpiecze\u0144stwa.<\/p>\n<\/div><div class=\"fusion-title title fusion-title-11 fusion-sep-none fusion-title-text fusion-title-size-three\" style=\"--awb-margin-top-small:0px;--awb-margin-right-small:0px;--awb-margin-bottom-small:8px;--awb-margin-left-small:0px;\"><h3 class=\"fusion-title-heading title-heading-left fusion-responsive-typography-calculated\" style=\"margin:0;--fontSize:31;line-height:var(--awb-typography1-line-height);\">9. Przechowywanie danych<\/h3><\/div><div class=\"fusion-text fusion-text-11\"><p>Przechowujemy dane osobowe tak d\u0142ugo, jak jest to konieczne do realizacji cel\u00f3w, dla kt\u00f3rych zosta\u0142y zebrane, lub zgodnie z wymogami prawnymi. Kiedy dane osobowe nie s\u0105 ju\u017c potrzebne, zostan\u0105 bezpiecznie usuni\u0119te.<\/p>\n<\/div><div class=\"fusion-title title fusion-title-12 fusion-sep-none fusion-title-text fusion-title-size-three\" style=\"--awb-margin-top-small:0px;--awb-margin-right-small:0px;--awb-margin-bottom-small:8px;--awb-margin-left-small:0px;\"><h3 class=\"fusion-title-heading title-heading-left fusion-responsive-typography-calculated\" style=\"margin:0;--fontSize:31;line-height:var(--awb-typography1-line-height);\">10. Powiadomienie o naruszeniu danych<\/h3><\/div><div class=\"fusion-text fusion-text-12\"><p>W przypadku naruszenia danych powiadomimy Ciebie oraz odpowiednie organy, zgodnie z Prawem Ochrony Danych Osobowych Indonezji, je\u015bli naruszenie mo\u017ce mie\u0107 istotny wp\u0142yw na Twoje prawa i wolno\u015bci.<\/p>\n<\/div><div class=\"fusion-title title fusion-title-13 fusion-sep-none fusion-title-text fusion-title-size-three\" style=\"--awb-margin-top-small:0px;--awb-margin-right-small:0px;--awb-margin-bottom-small:8px;--awb-margin-left-small:0px;\"><h3 class=\"fusion-title-heading title-heading-left fusion-responsive-typography-calculated\" style=\"margin:0;--fontSize:31;line-height:var(--awb-typography1-line-height);\">11. Polityka Cookies<\/h3><\/div><div class=\"fusion-title title fusion-title-14 fusion-sep-none fusion-title-text fusion-title-size-four\" style=\"--awb-margin-top-small:0px;--awb-margin-right-small:0px;--awb-margin-bottom-small:8px;--awb-margin-left-small:0px;\"><h4 class=\"fusion-title-heading title-heading-left fusion-responsive-typography-calculated\" style=\"margin:0;--fontSize:25;line-height:var(--awb-typography1-line-height);\">Co to s\u0105 pliki cookies?<\/h4><\/div><div class=\"fusion-text fusion-text-13\"><p>Pliki cookies to ma\u0142e pliki tekstowe umieszczane na Twoim urz\u0105dzeniu przez strony internetowe, kt\u00f3re odwiedzasz. S\u0142u\u017c\u0105 one poprawie wydajno\u015bci stron oraz dostarczaniu informacji w\u0142a\u015bcicielom stron.<\/p>\n<\/div><div class=\"fusion-title title fusion-title-15 fusion-sep-none fusion-title-text fusion-title-size-four\" style=\"--awb-margin-top-small:0px;--awb-margin-right-small:0px;--awb-margin-bottom-small:8px;--awb-margin-left-small:0px;\"><h4 class=\"fusion-title-heading title-heading-left fusion-responsive-typography-calculated\" style=\"margin:0;--fontSize:25;line-height:var(--awb-typography1-line-height);\">Jak korzystamy z plik\u00f3w cookies<\/h4><\/div><div class=\"fusion-text fusion-text-14\"><p>Korzystamy z plik\u00f3w cookies, aby:<\/p>\n<ul>\n<li>Poprawi\u0107 wydajno\u015b\u0107 strony: Pliki cookies pomagaj\u0105 nam zrozumie\u0107, jak odwiedzaj\u0105cy korzystaj\u0105 z naszej strony i identyfikowa\u0107 obszary do poprawy.<\/li>\n<li>Poprawi\u0107 do\u015bwiadczenie u\u017cytkownika: Pliki cookies pozwalaj\u0105 stronie zapami\u0119ta\u0107 Twoje wybory (np. preferencje j\u0119zykowe).<\/li>\n<li>Analityka: Korzystamy z narz\u0119dzi analitycznych stron trzecich, aby zbiera\u0107 anonimowe dane dotycz\u0105ce u\u017cytkowania strony.<\/li>\n<\/ul>\n<\/div><div class=\"fusion-title title fusion-title-16 fusion-sep-none fusion-title-text fusion-title-size-four\" style=\"--awb-margin-top-small:0px;--awb-margin-right-small:0px;--awb-margin-bottom-small:8px;--awb-margin-left-small:0px;\"><h4 class=\"fusion-title-heading title-heading-left fusion-responsive-typography-calculated\" style=\"margin:0;--fontSize:25;line-height:var(--awb-typography1-line-height);\">Rodzaje plik\u00f3w cookies, z kt\u00f3rych korzystamy<\/h4><\/div><div class=\"fusion-text fusion-text-15\"><p>Pliki cookies niezb\u0119dne: Te pliki cookies s\u0105 niezb\u0119dne do funkcjonowania strony internetowej.<\/p>\n<p>Pliki cookies analityczne: U\u017cywamy plik\u00f3w cookies do zbierania danych o tym, jak u\u017cytkownicy korzystaj\u0105 z naszej strony w celach analitycznych.<\/p>\n<\/div><div class=\"fusion-title title fusion-title-17 fusion-sep-none fusion-title-text fusion-title-size-four\" style=\"--awb-margin-top-small:0px;--awb-margin-right-small:0px;--awb-margin-bottom-small:8px;--awb-margin-left-small:0px;\"><h4 class=\"fusion-title-heading title-heading-left fusion-responsive-typography-calculated\" style=\"margin:0;--fontSize:25;line-height:var(--awb-typography1-line-height);\">Zarz\u0105dzanie plikami cookies<\/h4><\/div><div class=\"fusion-text fusion-text-16\"><p>Mo\u017cesz zarz\u0105dza\u0107 plikami cookies za po\u015brednictwem ustawie\u0144 swojej przegl\u0105darki. Zablokowanie niekt\u00f3rych plik\u00f3w cookies mo\u017ce jednak wp\u0142yn\u0105\u0107 na funkcjonalno\u015b\u0107 strony.<\/p>\n<\/div><div class=\"fusion-title title fusion-title-18 fusion-sep-none fusion-title-text fusion-title-size-three\" style=\"--awb-margin-top-small:0px;--awb-margin-right-small:0px;--awb-margin-bottom-small:8px;--awb-margin-left-small:0px;\"><h3 class=\"fusion-title-heading title-heading-left fusion-responsive-typography-calculated\" style=\"margin:0;--fontSize:31;line-height:var(--awb-typography1-line-height);\">12. Zmiany w Polityce<\/h3><\/div><div class=\"fusion-text fusion-text-17\"><p>Od czasu do czasu mo\u017cemy aktualizowa\u0107 niniejsz\u0105 Polityk\u0119 Prywatno\u015bci i Plik\u00f3w Cookies. Zaktualizowana polityka zostanie opublikowana na naszej stronie internetowej z now\u0105 dat\u0105 wej\u015bcia w \u017cycie. Prosimy o regularne zapoznawanie si\u0119 z t\u0105 stron\u0105, aby by\u0107 na bie\u017c\u0105co z wszelkimi zmianami.<\/p>\n<\/div><div class=\"fusion-title title fusion-title-19 fusion-sep-none fusion-title-text fusion-title-size-three\" style=\"--awb-margin-top-small:0px;--awb-margin-right-small:0px;--awb-margin-bottom-small:8px;--awb-margin-left-small:0px;\"><h3 class=\"fusion-title-heading title-heading-left fusion-responsive-typography-calculated\" style=\"margin:0;--fontSize:31;line-height:var(--awb-typography1-line-height);\">13. Kontakt<\/h3><\/div><div class=\"fusion-text fusion-text-18\"><p>W razie jakichkolwiek pyta\u0144 lub w\u0105tpliwo\u015bci dotycz\u0105cych niniejszej polityki lub sposobu, w jaki przetwarzamy Twoje dane osobowe, prosimy o kontakt:<\/p>\n<p><strong>E-mail:<br \/><\/strong><a href=\"mailto:contact@newlifebali.com\">contact@newlifebali.com<\/a><\/p>\n<p><strong>Adres:<br \/><\/strong>Komplek Pertokoan Segi Tiga Mas. Kav 24,<br \/>Jalan By Pass Ngurah Rai No.5, Kuta,<br \/>Kec. Kuta, Kabupaten Badung,<br \/>Bali 80361, Indonezja.<\/p>\n<\/div><\/div><\/div><\/div><\/div>\n","protected":false},"excerpt":{"rendered":"","protected":false},"author":1,"featured_media":0,"parent":0,"menu_order":0,"comment_status":"closed","ping_status":"open","template":"100-width.php","meta":{"_acf_changed":false,"_seopress_robots_primary_cat":"","_seopress_titles_title":"","_seopress_titles_desc":"","_seopress_robots_index":"","footnotes":""},"class_list":["post-3","page","type-page","status-publish","hentry"],"acf":[],"_links":{"self":[{"href":"https:\/\/newlifebali.com\/pl\/wp-json\/wp\/v2\/pages\/3","targetHints":{"allow":["GET"]}}],"collection":[{"href":"https:\/\/newlifebali.com\/pl\/wp-json\/wp\/v2\/pages"}],"about":[{"href":"https:\/\/newlifebali.com\/pl\/wp-json\/wp\/v2\/types\/page"}],"author":[{"embeddable":true,"href":"https:\/\/newlifebali.com\/pl\/wp-json\/wp\/v2\/users\/1"}],"replies":[{"embeddable":true,"href":"https:\/\/newlifebali.com\/pl\/wp-json\/wp\/v2\/comments?post=3"}],"version-history":[{"count":0,"href":"https:\/\/newlifebali.com\/pl\/wp-json\/wp\/v2\/pages\/3\/revisions"}],"wp:attachment":[{"href":"https:\/\/newlifebali.com\/pl\/wp-json\/wp\/v2\/media?parent=3"}],"curies":[{"name":"wp","href":"https:\/\/api.w.org\/{rel}","templated":true}]}}